{"id":44,"date":"2023-09-26T07:56:33","date_gmt":"2023-09-26T07:56:33","guid":{"rendered":"https:\/?page_id=44"},"modified":"2025-06-06T10:08:24","modified_gmt":"2025-06-06T10:08:24","slug":"accueil","status":"publish","type":"page","link":"https:\/\/www.ecuriefrancorchamps.com\/","title":{"rendered":"Accueil"},"content":{"rendered":"\t\t<div data-elementor-type=\"wp-page\" data-elementor-id=\"44\" class=\"elementor elementor-44\">\n\t\t\t\t\t\t<section class=\"elementor-section elementor-top-section elementor-element elementor-element-8e3abf3 elementor-section-height-min-height elementor-section-content-space-between elementor-section-stretched elementor-section-boxed elementor-section-height-default elementor-section-items-middle\" data-id=\"8e3abf3\" data-element_type=\"section\" data-settings=\"{&quot;background_background&quot;:&quot;classic&quot;,&quot;stretch_section&quot;:&quot;section-stretched&quot;}\">\n\t\t\t\t\t\t<div class=\"elementor-container elementor-column-gap-default\">\n\t\t\t\t\t<div class=\"elementor-column elementor-col-100 elementor-top-column elementor-element elementor-element-cdd25e4\" data-id=\"cdd25e4\" data-element_type=\"column\">\n\t\t\t<div class=\"elementor-widget-wrap elementor-element-populated\">\n\t\t\t\t\t\t<div class=\"elementor-element elementor-element-6c2207e elementor-widget elementor-widget-image\" data-id=\"6c2207e\" data-element_type=\"widget\" data-widget_type=\"image.default\">\n\t\t\t\t<div class=\"elementor-widget-container\">\n\t\t\t\t\t\t\t\t\t\t\t\t\t\t\t<img decoding=\"async\" width=\"19\" height=\"5\" src=\"https:\/\/www.ecuriefrancorchamps.com\/wp-content\/uploads\/2023\/09\/EcurieFrancorchamps-SVG-2.svg\" class=\"attachment-full size-full wp-image-47\" alt=\"\" \/>\t\t\t\t\t\t\t\t\t\t\t\t\t\t\t<\/div>\n\t\t\t\t<\/div>\n\t\t\t\t<div class=\"elementor-element elementor-element-770362e elementor-align-center elementor-widget__width-initial elementor-widget elementor-widget-raven-button\" data-id=\"770362e\" data-element_type=\"widget\" data-settings=\"{&quot;turn_to_popup_action_button&quot;:&quot;no&quot;}\" data-widget_type=\"raven-button.default\">\n\t\t\t\t<div class=\"elementor-widget-container\">\n\t\t\t\t\t\t\t<div class=\"raven-widget-wrapper\">\n\t\t\t<a class=\"raven-button raven-button-widget-normal-effect-none  raven-button-text-align- raven-button-link elementor-animation-grow\" href=\"http:\/\/ecuriefrancorchamps.com\/wp-content\/uploads\/2023\/09\/DOSSIER-DE-PRESSE-FERRARI-CHALLENGE-EU-SPA-16-17.09.pdf\" target=\"_blank\">\t\t\t\t<div class=\"raven-button-overlay\" ><\/div>\n\t\t\t\t<span class=\"raven-button-content\">\n\t\t\t\t\t\n\t\t\t\t\t<div class=\"button-text-container\">\n\t\t\t\t\t\t\t\t\t<span class=\"raven-button-icon raven-button-icon-position-left\">\n\t\t\t\t<i aria-hidden=\"true\" class=\"far fa-file-alt\"><\/i>\t\t\t<\/span>\n\t\t\t\t\t\t\t\t<div class=\"raven-button-texts-wrapper\">\n\t\t\t\t\t\t\t<div class=\"button-text\">\n\t\t\t\t\t\t\t\t<span class=\"raven-button-text\">\n\t\t\t\t\t\t\t\t\tDossier de presse\t\t\t\t\t\t\t\t<\/span>\n\t\t\t\t\t\t\t<\/div>\n\t\t\t\t\t\t\t\t\t\t\t\t\t<\/div>\n\t\t\t\t\t\t\t\t\t\t\t<\/div>\n\t\t\t\t\t\n\t\t\t\t\t\t\t\t\t<\/span>\n\t\t\t<\/a>\t\t<\/div>\n\t\t\t\t\t\t<\/div>\n\t\t\t\t<\/div>\n\t\t\t\t<div class=\"elementor-element elementor-element-1cdec67 elementor-align-center elementor-widget__width-initial elementor-widget elementor-widget-raven-button\" data-id=\"1cdec67\" data-element_type=\"widget\" data-settings=\"{&quot;turn_to_popup_action_button&quot;:&quot;no&quot;}\" data-widget_type=\"raven-button.default\">\n\t\t\t\t<div class=\"elementor-widget-container\">\n\t\t\t\t\t\t\t<div class=\"raven-widget-wrapper\">\n\t\t\t<a class=\"raven-button raven-button-widget-normal-effect-none  raven-button-text-align-center raven-button-link elementor-animation-grow\" href=\"https:\/\/www.instagram.com\/ecuriefrancorchampsofficiel\/\" target=\"_blank\">\t\t\t\t<div class=\"raven-button-overlay\" ><\/div>\n\t\t\t\t<span class=\"raven-button-content\">\n\t\t\t\t\t\n\t\t\t\t\t<div class=\"button-text-container\">\n\t\t\t\t\t\t\t\t\t<span class=\"raven-button-icon raven-button-icon-position-left\">\n\t\t\t\t<i aria-hidden=\"true\" class=\"fab fa-instagram\"><\/i>\t\t\t<\/span>\n\t\t\t\t\t\t\t\t<div class=\"raven-button-texts-wrapper\">\n\t\t\t\t\t\t\t<div class=\"button-text\">\n\t\t\t\t\t\t\t\t<span class=\"raven-button-text\">\n\t\t\t\t\t\t\t\t\tinstagram\t\t\t\t\t\t\t\t<\/span>\n\t\t\t\t\t\t\t<\/div>\n\t\t\t\t\t\t\t\t\t\t\t\t\t\t\t<div class=\"button-subtext\">\n\t\t\t\t\t\t\t\t\t<span >\n\t\t\t\t\t\t\t\t\t\n\t\t\t\t\t\t\t\t<\/span>\n\t\t\t\t\t\t\t\t<\/div>\n\t\t\t\t\t\t\t\t\t\t\t\t\t<\/div>\n\t\t\t\t\t\t\t\t\t\t\t<\/div>\n\t\t\t\t\t\n\t\t\t\t\t\t\t\t\t<\/span>\n\t\t\t<\/a>\t\t<\/div>\n\t\t\t\t\t\t<\/div>\n\t\t\t\t<\/div>\n\t\t\t\t\t<\/div>\n\t\t<\/div>\n\t\t\t\t\t<\/div>\n\t\t<\/section>\n\t\t\t\t<\/div>\n\t\t","protected":false},"excerpt":{"rendered":"<p>Dossier de presse instagram<\/p>\n","protected":false},"author":5,"featured_media":200,"parent":0,"menu_order":1,"comment_status":"closed","ping_status":"closed","template":"elementor_header_footer","meta":{"footnotes":""},"class_list":["post-44","page","type-page","status-publish","has-post-thumbnail","hentry"],"acf":[],"yoast_head":"<!-- This site is optimized with the Yoast SEO plugin v24.7 - https:\/\/yoast.com\/wordpress\/plugins\/seo\/ -->\n<title>Ecurie Francorchamps<\/title>\n<meta name=\"description\" content=\"L&#039;\u00c9curie Francorchamps, fond\u00e9e par Jacques Swaters, a marqu\u00e9 l&#039;histoire de la course avec ses Ferrari jaunes. Nicola D&#039;Aniello perp\u00e9tue cet h\u00e9ritage en comp\u00e9tition en 2023.\" \/>\n<meta name=\"robots\" content=\"index, follow, max-snippet:-1, max-image-preview:large, max-video-preview:-1\" \/>\n<link rel=\"canonical\" href=\"https:\/\/www.ecuriefrancorchamps.com\/\" \/>\n<meta property=\"og:locale\" content=\"fr_FR\" \/>\n<meta property=\"og:type\" content=\"article\" \/>\n<meta property=\"og:title\" content=\"Ecurie Francorchamps\" \/>\n<meta property=\"og:description\" content=\"L&#039;\u00c9curie Francorchamps, fond\u00e9e par Jacques Swaters, a marqu\u00e9 l&#039;histoire de la course avec ses Ferrari jaunes. Nicola D&#039;Aniello perp\u00e9tue cet h\u00e9ritage en comp\u00e9tition en 2023.\" \/>\n<meta property=\"og:url\" content=\"https:\/\/www.ecuriefrancorchamps.com\/\" \/>\n<meta property=\"og:site_name\" content=\"Ecurie Francorchamps\" \/>\n<meta property=\"article:modified_time\" content=\"2025-06-06T10:08:24+00:00\" \/>\n<meta property=\"og:image\" content=\"https:\/\/www.ecuriefrancorchamps.com\/wp-content\/uploads\/2023\/10\/EcurieFrancorchamps-ogimage.png\" \/>\n\t<meta property=\"og:image:width\" content=\"1200\" \/>\n\t<meta property=\"og:image:height\" content=\"630\" \/>\n\t<meta property=\"og:image:type\" content=\"image\/png\" \/>\n<meta name=\"twitter:card\" content=\"summary_large_image\" \/>\n<meta name=\"twitter:label1\" content=\"Dur\u00e9e de lecture estim\u00e9e\" \/>\n\t<meta name=\"twitter:data1\" content=\"1 minute\" \/>\n<script type=\"application\/ld+json\" class=\"yoast-schema-graph\">{\"@context\":\"https:\/\/schema.org\",\"@graph\":[{\"@type\":\"WebPage\",\"@id\":\"https:\/\/www.ecuriefrancorchamps.com\/\",\"url\":\"https:\/\/www.ecuriefrancorchamps.com\/\",\"name\":\"Ecurie Francorchamps\",\"isPartOf\":{\"@id\":\"https:\/\/www.ecuriefrancorchamps.com\/#website\"},\"primaryImageOfPage\":{\"@id\":\"https:\/\/www.ecuriefrancorchamps.com\/#primaryimage\"},\"image\":{\"@id\":\"https:\/\/www.ecuriefrancorchamps.com\/#primaryimage\"},\"thumbnailUrl\":\"https:\/\/www.ecuriefrancorchamps.com\/wp-content\/uploads\/2023\/10\/EcurieFrancorchamps-ogimage.png\",\"datePublished\":\"2023-09-26T07:56:33+00:00\",\"dateModified\":\"2025-06-06T10:08:24+00:00\",\"description\":\"L'\u00c9curie Francorchamps, fond\u00e9e par Jacques Swaters, a marqu\u00e9 l'histoire de la course avec ses Ferrari jaunes. Nicola D'Aniello perp\u00e9tue cet h\u00e9ritage en comp\u00e9tition en 2023.\",\"breadcrumb\":{\"@id\":\"https:\/\/www.ecuriefrancorchamps.com\/#breadcrumb\"},\"inLanguage\":\"fr-FR\",\"potentialAction\":[{\"@type\":\"ReadAction\",\"target\":[\"https:\/\/www.ecuriefrancorchamps.com\/\"]}]},{\"@type\":\"ImageObject\",\"inLanguage\":\"fr-FR\",\"@id\":\"https:\/\/www.ecuriefrancorchamps.com\/#primaryimage\",\"url\":\"https:\/\/www.ecuriefrancorchamps.com\/wp-content\/uploads\/2023\/10\/EcurieFrancorchamps-ogimage.png\",\"contentUrl\":\"https:\/\/www.ecuriefrancorchamps.com\/wp-content\/uploads\/2023\/10\/EcurieFrancorchamps-ogimage.png\",\"width\":1200,\"height\":630},{\"@type\":\"BreadcrumbList\",\"@id\":\"https:\/\/www.ecuriefrancorchamps.com\/#breadcrumb\",\"itemListElement\":[{\"@type\":\"ListItem\",\"position\":1,\"name\":\"Accueil\",\"item\":\"https:\/\/www.ecuriefrancorchamps.com\/\"},{\"@type\":\"ListItem\",\"position\":2,\"name\":\"Accueil\"}]},{\"@type\":\"WebSite\",\"@id\":\"https:\/\/www.ecuriefrancorchamps.com\/#website\",\"url\":\"https:\/\/www.ecuriefrancorchamps.com\/\",\"name\":\"Ecurie Francorchamps\",\"description\":\"\",\"potentialAction\":[{\"@type\":\"SearchAction\",\"target\":{\"@type\":\"EntryPoint\",\"urlTemplate\":\"https:\/\/www.ecuriefrancorchamps.com\/?s={search_term_string}\"},\"query-input\":{\"@type\":\"PropertyValueSpecification\",\"valueRequired\":true,\"valueName\":\"search_term_string\"}}],\"inLanguage\":\"fr-FR\"}]}<\/script>\n<!-- \/ Yoast SEO plugin. -->","yoast_head_json":{"title":"Ecurie Francorchamps","description":"L'\u00c9curie Francorchamps, fond\u00e9e par Jacques Swaters, a marqu\u00e9 l'histoire de la course avec ses Ferrari jaunes. Nicola D'Aniello perp\u00e9tue cet h\u00e9ritage en comp\u00e9tition en 2023.","robots":{"index":"index","follow":"follow","max-snippet":"max-snippet:-1","max-image-preview":"max-image-preview:large","max-video-preview":"max-video-preview:-1"},"canonical":"https:\/\/www.ecuriefrancorchamps.com\/","og_locale":"fr_FR","og_type":"article","og_title":"Ecurie Francorchamps","og_description":"L'\u00c9curie Francorchamps, fond\u00e9e par Jacques Swaters, a marqu\u00e9 l'histoire de la course avec ses Ferrari jaunes. Nicola D'Aniello perp\u00e9tue cet h\u00e9ritage en comp\u00e9tition en 2023.","og_url":"https:\/\/www.ecuriefrancorchamps.com\/","og_site_name":"Ecurie Francorchamps","article_modified_time":"2025-06-06T10:08:24+00:00","og_image":[{"width":1200,"height":630,"url":"https:\/\/www.ecuriefrancorchamps.com\/wp-content\/uploads\/2023\/10\/EcurieFrancorchamps-ogimage.png","type":"image\/png"}],"twitter_card":"summary_large_image","twitter_misc":{"Dur\u00e9e de lecture estim\u00e9e":"1 minute"},"schema":{"@context":"https:\/\/schema.org","@graph":[{"@type":"WebPage","@id":"https:\/\/www.ecuriefrancorchamps.com\/","url":"https:\/\/www.ecuriefrancorchamps.com\/","name":"Ecurie Francorchamps","isPartOf":{"@id":"https:\/\/www.ecuriefrancorchamps.com\/#website"},"primaryImageOfPage":{"@id":"https:\/\/www.ecuriefrancorchamps.com\/#primaryimage"},"image":{"@id":"https:\/\/www.ecuriefrancorchamps.com\/#primaryimage"},"thumbnailUrl":"https:\/\/www.ecuriefrancorchamps.com\/wp-content\/uploads\/2023\/10\/EcurieFrancorchamps-ogimage.png","datePublished":"2023-09-26T07:56:33+00:00","dateModified":"2025-06-06T10:08:24+00:00","description":"L'\u00c9curie Francorchamps, fond\u00e9e par Jacques Swaters, a marqu\u00e9 l'histoire de la course avec ses Ferrari jaunes. Nicola D'Aniello perp\u00e9tue cet h\u00e9ritage en comp\u00e9tition en 2023.","breadcrumb":{"@id":"https:\/\/www.ecuriefrancorchamps.com\/#breadcrumb"},"inLanguage":"fr-FR","potentialAction":[{"@type":"ReadAction","target":["https:\/\/www.ecuriefrancorchamps.com\/"]}]},{"@type":"ImageObject","inLanguage":"fr-FR","@id":"https:\/\/www.ecuriefrancorchamps.com\/#primaryimage","url":"https:\/\/www.ecuriefrancorchamps.com\/wp-content\/uploads\/2023\/10\/EcurieFrancorchamps-ogimage.png","contentUrl":"https:\/\/www.ecuriefrancorchamps.com\/wp-content\/uploads\/2023\/10\/EcurieFrancorchamps-ogimage.png","width":1200,"height":630},{"@type":"BreadcrumbList","@id":"https:\/\/www.ecuriefrancorchamps.com\/#breadcrumb","itemListElement":[{"@type":"ListItem","position":1,"name":"Accueil","item":"https:\/\/www.ecuriefrancorchamps.com\/"},{"@type":"ListItem","position":2,"name":"Accueil"}]},{"@type":"WebSite","@id":"https:\/\/www.ecuriefrancorchamps.com\/#website","url":"https:\/\/www.ecuriefrancorchamps.com\/","name":"Ecurie Francorchamps","description":"","potentialAction":[{"@type":"SearchAction","target":{"@type":"EntryPoint","urlTemplate":"https:\/\/www.ecuriefrancorchamps.com\/?s={search_term_string}"},"query-input":{"@type":"PropertyValueSpecification","valueRequired":true,"valueName":"search_term_string"}}],"inLanguage":"fr-FR"}]}},"_links":{"self":[{"href":"https:\/\/www.ecuriefrancorchamps.com\/index.php?rest_route=\/wp\/v2\/pages\/44","targetHints":{"allow":["GET"]}}],"collection":[{"href":"https:\/\/www.ecuriefrancorchamps.com\/index.php?rest_route=\/wp\/v2\/pages"}],"about":[{"href":"https:\/\/www.ecuriefrancorchamps.com\/index.php?rest_route=\/wp\/v2\/types\/page"}],"author":[{"embeddable":true,"href":"https:\/\/www.ecuriefrancorchamps.com\/index.php?rest_route=\/wp\/v2\/users\/5"}],"replies":[{"embeddable":true,"href":"https:\/\/www.ecuriefrancorchamps.com\/index.php?rest_route=%2Fwp%2Fv2%2Fcomments&post=44"}],"version-history":[{"count":121,"href":"https:\/\/www.ecuriefrancorchamps.com\/index.php?rest_route=\/wp\/v2\/pages\/44\/revisions"}],"predecessor-version":[{"id":213,"href":"https:\/\/www.ecuriefrancorchamps.com\/index.php?rest_route=\/wp\/v2\/pages\/44\/revisions\/213"}],"wp:featuredmedia":[{"embeddable":true,"href":"https:\/\/www.ecuriefrancorchamps.com\/index.php?rest_route=\/wp\/v2\/media\/200"}],"wp:attachment":[{"href":"https:\/\/www.ecuriefrancorchamps.com\/index.php?rest_route=%2Fwp%2Fv2%2Fmedia&parent=44"}],"curies":[{"name":"wp","href":"https:\/\/api.w.org\/{rel}","templated":true}]}}